{"id":14504,"date":"2025-05-16T06:36:32","date_gmt":"2025-05-16T06:36:32","guid":{"rendered":"https:\/\/williamweir.com\/?post_type=product&#038;p=14504"},"modified":"2025-05-24T01:02:35","modified_gmt":"2025-05-24T01:02:35","slug":"floor-cleaner-6","status":"publish","type":"product","link":"https:\/\/williamweir.com\/de\/produkt\/floor-cleaner-6\/","title":{"rendered":"Bodenreiniger"},"content":{"rendered":"<h3><strong>Commodity code: 2868<\/strong><\/h3>\n<p><strong><b>Product Introduction:<\/b><\/strong><strong><b><br \/>\n<\/b><\/strong>Dieses Produkt ist ein hocheffizientes Produkt, das speziell f\u00fcr die Reinigung verschiedener Bodenarten entwickelt wurde. Ob es sich um Massivholzb\u00f6den, Verbundwerkstoffb\u00f6den, Laminatb\u00f6den oder Bodenmaterialien wie Fliesen handelt, es kann eine Tiefenreinigung erreichen und den Boden wieder in einen sauberen und hellen Zustand versetzen.<\/p>\n<p><strong><b> Product Features:<\/b><\/strong><\/p>\n<ol>\n<li>Leistungsstarke Dekontamination: Es kann schnell entfernen Flecken, Staub, \u00d6lflecken, etc. auf dem Boden, mit bemerkenswerter Reinigungswirkung.<\/li>\n<li>Sterilisation und Desinfektion: T\u00f6tet Bakterien und Viren auf dem Boden wirksam ab und bietet Gesundheitsschutz f\u00fcr die h\u00e4usliche Umgebung.<\/li>\n<li>Sch\u00fctzt den Boden: Enth\u00e4lt spezielle Schutzstoffe, die die Bodenoberfl\u00e4che w\u00e4hrend der Reinigung sch\u00fctzen und Abnutzung und Kratzer verhindern k\u00f6nnen.<\/li>\n<li>Frischer Duft: Er verstr\u00f6mt einen angenehmen frischen Duft, der den gereinigten Raum komfortabler und angenehmer macht.<\/li>\n<li>Bequem und einfach zu bedienen: Es ist einfach und bequem zu bedienen. Befolgen Sie einfach die Anweisungen zu bedienen.<\/li>\n<\/ol>\n<p><strong><b>\u00a0Usage Method:<\/b><\/strong><\/p>\n<ol>\n<li>Je nach Bodenfl\u00e4che und Verschmutzungsgrad eine entsprechende Menge Bodenreiniger in sauberes Wasser geben und verd\u00fcnnen.<\/li>\n<li>Tauchen Sie einen Mopp oder ein Reinigungswerkzeug in die verd\u00fcnnte Reinigungsl\u00f6sung und wischen Sie den Boden.<\/li>\n<li>Bei hartn\u00e4ckigen Flecken k\u00f6nnen Sie die Menge des Reinigers oder die Einwirkzeit entsprechend erh\u00f6hen und dann kr\u00e4ftig wischen.<\/li>\n<li>Sp\u00fclen Sie den Boden nach der Reinigung gr\u00fcndlich mit klarem Wasser ab, um sicherzustellen, dass keine Reinigungsmittelr\u00fcckst\u00e4nde zur\u00fcckbleiben.<\/li>\n<\/ol>\n<p><strong><b> Precautions:<\/b><\/strong><\/p>\n<ol>\n<li>Bitte stellen Sie es an einem Ort auf, der f\u00fcr Kinder nicht leicht erreichbar ist.<\/li>\n<li>Vermeiden Sie den Kontakt mit Augen und Haut. Bei versehentlichem Kontakt sofort mit einer gro\u00dfen Menge sauberen Wassers absp\u00fclen.<\/li>\n<li>B\u00f6den aus verschiedenen Materialien k\u00f6nnen unterschiedliche Reinigungsanforderungen haben. Bitte lesen Sie die Gebrauchsanweisung des Produkts oder f\u00fchren Sie vor der Anwendung einen Versuch an einer unauff\u00e4lligen Stelle durch.<\/li>\n<li>Bitte bewahren Sie es an einem k\u00fchlen und trockenen Ort auf und vermeiden Sie direkte Sonneneinstrahlung.<\/li>\n<\/ol>","protected":false},"excerpt":{"rendered":"<p>Unsere Fabrik bietet OEM\/ODM-Verarbeitungsdienstleistungen, wir k\u00f6nnen Produkte f\u00fcr Sie ma\u00dfschneidern; Unser MOQ ist niedrig, im Allgemeinen kann die Mindestmenge 1000 Flaschen produziert werden; Unsere Produkte sind preiswert, ausgezeichnete Produktqualit\u00e4t, im Einklang mit allen nationalen Gesetzen und Vorschriften und Kundenbed\u00fcrfnissen!<\/p>\n<h3><strong>\u00a0 \u00a0 \u00a0 Wir bieten au\u00dferdem folgende Dienstleistungen an<\/strong><\/h3>\n<h4><strong><img decoding=\"async\" class=\"emoji\" role=\"img\" draggable=\"false\" src=\"https:\/\/s.w.org\/images\/core\/emoji\/15.0.3\/svg\/2714.svg\" alt=\"\u2714\" \/>\u00a0 Grenz\u00fcberschreitende Quelle\u00a0 \u00a0 \u00a0 \u00a0 \u00a0\u00a0<img decoding=\"async\" class=\"emoji\" role=\"img\" draggable=\"false\" src=\"https:\/\/s.w.org\/images\/core\/emoji\/15.0.3\/svg\/2714.svg\" alt=\"\u2714\" \/>\u00a0 Unterst\u00fctzung der Anpassung<\/strong><\/h4>\n<h4><strong><img decoding=\"async\" class=\"emoji\" role=\"img\" draggable=\"false\" src=\"https:\/\/s.w.org\/images\/core\/emoji\/15.0.3\/svg\/2714.svg\" alt=\"\u2714\" \/>\u00a0 Quelle: Fabrik\u00a0 \u00a0 \u00a0 \u00a0 \u00a0 \u00a0 \u00a0 \u00a0 \u00a0 \u00a0 \u00a0 \u00a0<img decoding=\"async\" class=\"emoji\" role=\"img\" draggable=\"false\" src=\"https:\/\/s.w.org\/images\/core\/emoji\/15.0.3\/svg\/2714.svg\" alt=\"\u2714\" \/>\u00a0 Produktentwicklung<\/strong><\/h4>\n<h4><strong><img decoding=\"async\" class=\"emoji\" role=\"img\" draggable=\"false\" src=\"https:\/\/s.w.org\/images\/core\/emoji\/15.0.3\/svg\/2714.svg\" alt=\"\u2714\" \/>\u00a0 Ma\u00dfgeschneidert nach Muster\u00a0 \u00a0 \u00a0 \u00a0 \u00a0 \u00a0 \u00a0 \u00a0 \u00a0 \u00a0\u00a0<img decoding=\"async\" class=\"emoji\" role=\"img\" draggable=\"false\" src=\"https:\/\/s.w.org\/images\/core\/emoji\/15.0.3\/svg\/2714.svg\" alt=\"\u2714\" \/>\u00a0 Markenberechtigung<br \/>\n<\/strong><\/h4>\n<h2><strong>Fragen oder Kommentare?<\/strong><\/h2>\n<h2><strong>wlwer@williamweir.com<\/strong><\/h2>","protected":false},"featured_media":14505,"template":"","meta":{"_uag_custom_page_level_css":"","site-sidebar-layout":"default","site-content-layout":"","ast-site-content-layout":"default","site-content-style":"default","site-sidebar-style":"default","ast-global-header-display":"","ast-banner-title-visibility":"","ast-main-header-display":"","ast-hfb-above-header-display":"","ast-hfb-below-header-display":"","ast-hfb-mobile-header-display":"","site-post-title":"","ast-breadcrumbs-content":"","ast-featured-img":"","footer-sml-layout":"","theme-transparent-header-meta":"default","adv-header-id-meta":"","stick-header-meta":"","header-above-stick-meta":"","header-main-stick-meta":"","header-below-stick-meta":"","astra-migrate-meta-layouts":"set","ast-page-background-enabled":"default","ast-page-background-meta":{"desktop":{"background-color":"","background-image":"","background-repeat":"repeat","background-position":"center center","background-size":"auto","background-attachment":"scroll","background-type":"","background-media":"","overlay-type":"","overlay-color":"","overlay-opacity":"","overlay-gradient":""},"tablet":{"background-color":"","background-image":"","background-repeat":"repeat","background-position":"center center","background-size":"auto","background-attachment":"scroll","background-type":"","background-media":"","overlay-type":"","overlay-color":"","overlay-opacity":"","overlay-gradient":""},"mobile":{"background-color":"","background-image":"","background-repeat":"repeat","background-position":"center center","background-size":"auto","background-attachment":"scroll","background-type":"","background-media":"","overlay-type":"","overlay-color":"","overlay-opacity":"","overlay-gradient":""}},"ast-content-background-meta":{"desktop":{"background-color":"var(--ast-global-color-5)","background-image":"","background-repeat":"repeat","background-position":"center center","background-size":"auto","background-attachment":"scroll","background-type":"","background-media":"","overlay-type":"","overlay-color":"","overlay-opacity":"","overlay-gradient":""},"tablet":{"background-color":"var(--ast-global-color-5)","background-image":"","background-repeat":"repeat","background-position":"center center","background-size":"auto","background-attachment":"scroll","background-type":"","background-media":"","overlay-type":"","overlay-color":"","overlay-opacity":"","overlay-gradient":""},"mobile":{"background-color":"var(--ast-global-color-5)","background-image":"","background-repeat":"repeat","background-position":"center center","background-size":"auto","background-attachment":"scroll","background-type":"","background-media":"","overlay-type":"","overlay-color":"","overlay-opacity":"","overlay-gradient":""}}},"product_brand":[],"product_cat":[83,74],"product_tag":[],"class_list":{"0":"post-14504","1":"product","2":"type-product","3":"status-publish","4":"has-post-thumbnail","6":"product_cat-all-products","7":"product_cat-household-cleaning-series","8":"desktop-align-center","9":"tablet-align-left","10":"mobile-align-left","11":"ast-product-gallery-layout-horizontal-slider","12":"ast-product-tabs-layout-horizontal","14":"first","15":"instock","16":"shipping-taxable","17":"product-type-simple"},"aioseo_notices":[],"uagb_featured_image_src":{"full":["https:\/\/williamweir.com\/wp-content\/uploads\/2025\/05\/\u5730\u677f\u6e05\u6d01\u5242-\u6a59\u9999\u578b.jpg",800,800,false],"thumbnail":["https:\/\/williamweir.com\/wp-content\/uploads\/2025\/05\/\u5730\u677f\u6e05\u6d01\u5242-\u6a59\u9999\u578b-300x300.jpg",300,300,true],"medium":["https:\/\/williamweir.com\/wp-content\/uploads\/2025\/05\/\u5730\u677f\u6e05\u6d01\u5242-\u6a59\u9999\u578b-600x600.jpg",600,600,true],"medium_large":["https:\/\/williamweir.com\/wp-content\/uploads\/2025\/05\/\u5730\u677f\u6e05\u6d01\u5242-\u6a59\u9999\u578b-768x768.jpg",768,768,true],"large":["https:\/\/williamweir.com\/wp-content\/uploads\/2025\/05\/\u5730\u677f\u6e05\u6d01\u5242-\u6a59\u9999\u578b.jpg",800,800,false],"1536x1536":["https:\/\/williamweir.com\/wp-content\/uploads\/2025\/05\/\u5730\u677f\u6e05\u6d01\u5242-\u6a59\u9999\u578b.jpg",800,800,false],"2048x2048":["https:\/\/williamweir.com\/wp-content\/uploads\/2025\/05\/\u5730\u677f\u6e05\u6d01\u5242-\u6a59\u9999\u578b.jpg",800,800,false],"trp-custom-language-flag":["https:\/\/williamweir.com\/wp-content\/uploads\/2025\/05\/\u5730\u677f\u6e05\u6d01\u5242-\u6a59\u9999\u578b-12x12.jpg",12,12,true],"woocommerce_thumbnail":["https:\/\/williamweir.com\/wp-content\/uploads\/2025\/05\/\u5730\u677f\u6e05\u6d01\u5242-\u6a59\u9999\u578b-600x600.jpg",600,600,true],"woocommerce_single":["https:\/\/williamweir.com\/wp-content\/uploads\/2025\/05\/\u5730\u677f\u6e05\u6d01\u5242-\u6a59\u9999\u578b-600x600.jpg",600,600,true],"woocommerce_gallery_thumbnail":["https:\/\/williamweir.com\/wp-content\/uploads\/2025\/05\/\u5730\u677f\u6e05\u6d01\u5242-\u6a59\u9999\u578b-100x100.jpg",100,100,true]},"uagb_author_info":{"display_name":"wlwer","author_link":"https:\/\/williamweir.com\/de\/author\/"},"uagb_comment_info":0,"uagb_excerpt":"Our factory provides OEM\/ODM processing services, we can tailor products for you; Our MOQ is low, generally the minimum quantity is 1000 bottles can be produced; Our products are inexpensive, excellent product quality, in line with any national laws and regulations and customer needs! \u00a0 \u00a0 \u00a0 We also offer the following services \u00a0 Cross-border&hellip;","_links":{"self":[{"href":"https:\/\/williamweir.com\/de\/wp-json\/wp\/v2\/product\/14504"}],"collection":[{"href":"https:\/\/williamweir.com\/de\/wp-json\/wp\/v2\/product"}],"about":[{"href":"https:\/\/williamweir.com\/de\/wp-json\/wp\/v2\/types\/product"}],"version-history":[{"count":1,"href":"https:\/\/williamweir.com\/de\/wp-json\/wp\/v2\/product\/14504\/revisions"}],"predecessor-version":[{"id":14507,"href":"https:\/\/williamweir.com\/de\/wp-json\/wp\/v2\/product\/14504\/revisions\/14507"}],"wp:featuredmedia":[{"embeddable":true,"href":"https:\/\/williamweir.com\/de\/wp-json\/wp\/v2\/media\/14505"}],"wp:attachment":[{"href":"https:\/\/williamweir.com\/de\/wp-json\/wp\/v2\/media?parent=14504"}],"wp:term":[{"taxonomy":"product_brand","embeddable":true,"href":"https:\/\/williamweir.com\/de\/wp-json\/wp\/v2\/product_brand?post=14504"},{"taxonomy":"product_cat","embeddable":true,"href":"https:\/\/williamweir.com\/de\/wp-json\/wp\/v2\/product_cat?post=14504"},{"taxonomy":"product_tag","embeddable":true,"href":"https:\/\/williamweir.com\/de\/wp-json\/wp\/v2\/product_tag?post=14504"}],"curies":[{"name":"wp","href":"https:\/\/api.w.org\/{rel}","templated":true}]}}