{"id":14491,"date":"2025-05-16T06:06:26","date_gmt":"2025-05-16T06:06:26","guid":{"rendered":"https:\/\/williamweir.com\/?post_type=product&#038;p=14491"},"modified":"2025-05-24T01:02:57","modified_gmt":"2025-05-24T01:02:57","slug":"scale-remover","status":"publish","type":"product","link":"https:\/\/williamweir.com\/de\/produkt\/scale-remover\/","title":{"rendered":"Kesselsteinentferner"},"content":{"rendered":"<h3><strong>Commodity code: 2912<\/strong><\/h3>\n<p><strong><b>1.Product Features<\/b><\/strong><\/p>\n<ol>\n<li>Leistungsstarke Entkalkung: Es kann schnell und effektiv verschiedene Ablagerungen und Flecken entfernen, z. B. Ablagerungen in Ger\u00e4ten wie Wasserkochern, Wasserspendern und Duschk\u00f6pfen.<\/li>\n<li>Sicher und umweltfreundlich: Durch die Verwendung von Rohstoffen in Lebensmittelqualit\u00e4t ist es f\u00fcr den menschlichen K\u00f6rper unsch\u00e4dlich und belastet die Umwelt nicht.<\/li>\n<li>Mild und nicht reizend: Es verursacht keine Sch\u00e4den an der Oberfl\u00e4che des Ger\u00e4ts und ist f\u00fcr verschiedene Materialien geeignet.<\/li>\n<li>Bequem und einfach in der Anwendung: L\u00f6sen Sie das Entkalkungsmittel einfach in Wasser auf und verwenden Sie es gem\u00e4\u00df den Anweisungen.<\/li>\n<li>Sparsam und erschwinglich: Es hat eine hohe Kostenleistung und eine Flasche kann mehrfach verwendet werden.<\/li>\n<\/ol>\n<p><strong><b>2.Scope of application<\/b><\/strong><strong><b><br \/>\n<\/b><\/strong>Geeignet f\u00fcr verschiedene Ger\u00e4te, die entkalkt werden m\u00fcssen, z. B. in Haushalten, Hotels und Restaurants, wie Wasserkocher, Kaffeekannen, Warmwasserbereiter, Waschmaschinen, Toiletten usw.<\/p>\n<p><strong><b>3. Usage method<\/b><\/strong><\/p>\n<ol>\n<li>According to the size of the equipment and the severity of the scale, take an appropriate amount of descaling agent and put it in a container.<\/li>\n<li>Geben Sie eine angemessene Menge warmes Wasser hinzu und r\u00fchren Sie gleichm\u00e4\u00dfig um, damit sich das Entkalkungsmittel vollst\u00e4ndig aufl\u00f6st.<\/li>\n<li>Tauchen Sie das zu entkalkende Ger\u00e4t in die L\u00f6sung ein, oder gie\u00dfen Sie die L\u00f6sung in das Ger\u00e4t, um sicherzustellen, dass das entkalkte Teil vollst\u00e4ndig in die L\u00f6sung eingetaucht ist.<\/li>\n<li>Eine Zeit lang einweichen (im Allgemeinen 15 Minuten bis mehrere Stunden, je nach Schwere der Schuppen).<\/li>\n<li>Sp\u00fclen Sie das Ger\u00e4t mit sauberem Wasser ab, um die Reste des Entkalkungsmittels und den Kalk abzuwaschen.<\/li>\n<\/ol>\n<p><strong><b>4.Precautions<\/b><\/strong><\/p>\n<ol>\n<li>Ber\u00fchrung mit den Augen und der Haut vermeiden. Bei versehentlichem Kontakt sofort mit viel Wasser aussp\u00fclen und rechtzeitig einen Arzt aufsuchen.<\/li>\n<li>Legen Sie das Produkt bitte an einen f\u00fcr Kinder unzug\u00e4nglichen Ort, um zu verhindern, dass Kinder es versehentlich essen.<\/li>\n<li>Wenn Sie w\u00e4hrend des Gebrauchs Sch\u00e4den oder Anomalien am Ger\u00e4t feststellen, stellen Sie den Gebrauch sofort ein und \u00fcberpr\u00fcfen Sie das Ger\u00e4t.<\/li>\n<li>Die Entkalkungsmethoden f\u00fcr verschiedene Ger\u00e4te k\u00f6nnen unterschiedlich sein. Bitte richten Sie sich nach den Anweisungen des jeweiligen Ger\u00e4ts und der tats\u00e4chlichen Situation.<\/li>\n<li>Das Produkt sollte an einem k\u00fchlen und trockenen Ort gelagert werden, fern von direktem Sonnenlicht und hohen Temperaturen, um die Leistung und Haltbarkeit des Produkts nicht zu beeintr\u00e4chtigen.<\/li>\n<\/ol>","protected":false},"excerpt":{"rendered":"<p>Unsere Fabrik bietet OEM\/ODM-Verarbeitungsdienstleistungen, wir k\u00f6nnen Produkte f\u00fcr Sie ma\u00dfschneidern; Unser MOQ ist niedrig, im Allgemeinen kann die Mindestmenge 1000 Flaschen produziert werden; Unsere Produkte sind preiswert, ausgezeichnete Produktqualit\u00e4t, im Einklang mit allen nationalen Gesetzen und Vorschriften und Kundenbed\u00fcrfnissen!<\/p>\n<h3><strong>\u00a0 \u00a0 \u00a0 Wir bieten au\u00dferdem folgende Dienstleistungen an<\/strong><\/h3>\n<h4><strong><img decoding=\"async\" class=\"emoji\" role=\"img\" draggable=\"false\" src=\"https:\/\/s.w.org\/images\/core\/emoji\/15.0.3\/svg\/2714.svg\" alt=\"\u2714\" \/>\u00a0 Grenz\u00fcberschreitende Quelle\u00a0 \u00a0 \u00a0 \u00a0 \u00a0\u00a0<img decoding=\"async\" class=\"emoji\" role=\"img\" draggable=\"false\" src=\"https:\/\/s.w.org\/images\/core\/emoji\/15.0.3\/svg\/2714.svg\" alt=\"\u2714\" \/>\u00a0 Unterst\u00fctzung der Anpassung<\/strong><\/h4>\n<h4><strong><img decoding=\"async\" class=\"emoji\" role=\"img\" draggable=\"false\" src=\"https:\/\/s.w.org\/images\/core\/emoji\/15.0.3\/svg\/2714.svg\" alt=\"\u2714\" \/>\u00a0 Quelle: Fabrik\u00a0 \u00a0 \u00a0 \u00a0 \u00a0 \u00a0 \u00a0 \u00a0 \u00a0 \u00a0 \u00a0 \u00a0<img decoding=\"async\" class=\"emoji\" role=\"img\" draggable=\"false\" src=\"https:\/\/s.w.org\/images\/core\/emoji\/15.0.3\/svg\/2714.svg\" alt=\"\u2714\" \/>\u00a0 Produktentwicklung<\/strong><\/h4>\n<h4><strong><img decoding=\"async\" class=\"emoji\" role=\"img\" draggable=\"false\" src=\"https:\/\/s.w.org\/images\/core\/emoji\/15.0.3\/svg\/2714.svg\" alt=\"\u2714\" \/>\u00a0 Ma\u00dfgeschneidert nach Muster\u00a0 \u00a0 \u00a0 \u00a0 \u00a0 \u00a0 \u00a0 \u00a0 \u00a0 \u00a0\u00a0<img decoding=\"async\" class=\"emoji\" role=\"img\" draggable=\"false\" src=\"https:\/\/s.w.org\/images\/core\/emoji\/15.0.3\/svg\/2714.svg\" alt=\"\u2714\" \/>\u00a0 Markenberechtigung<br \/>\n<\/strong><\/h4>\n<h2><strong>Fragen oder Kommentare?<\/strong><\/h2>\n<h2><strong>wlwer@williamweir.com<\/strong><\/h2>","protected":false},"featured_media":14492,"template":"","meta":{"_uag_custom_page_level_css":"","site-sidebar-layout":"default","site-content-layout":"","ast-site-content-layout":"default","site-content-style":"default","site-sidebar-style":"default","ast-global-header-display":"","ast-banner-title-visibility":"","ast-main-header-display":"","ast-hfb-above-header-display":"","ast-hfb-below-header-display":"","ast-hfb-mobile-header-display":"","site-post-title":"","ast-breadcrumbs-content":"","ast-featured-img":"","footer-sml-layout":"","theme-transparent-header-meta":"default","adv-header-id-meta":"","stick-header-meta":"","header-above-stick-meta":"","header-main-stick-meta":"","header-below-stick-meta":"","astra-migrate-meta-layouts":"set","ast-page-background-enabled":"default","ast-page-background-meta":{"desktop":{"background-color":"","background-image":"","background-repeat":"repeat","background-position":"center center","background-size":"auto","background-attachment":"scroll","background-type":"","background-media":"","overlay-type":"","overlay-color":"","overlay-opacity":"","overlay-gradient":""},"tablet":{"background-color":"","background-image":"","background-repeat":"repeat","background-position":"center center","background-size":"auto","background-attachment":"scroll","background-type":"","background-media":"","overlay-type":"","overlay-color":"","overlay-opacity":"","overlay-gradient":""},"mobile":{"background-color":"","background-image":"","background-repeat":"repeat","background-position":"center center","background-size":"auto","background-attachment":"scroll","background-type":"","background-media":"","overlay-type":"","overlay-color":"","overlay-opacity":"","overlay-gradient":""}},"ast-content-background-meta":{"desktop":{"background-color":"var(--ast-global-color-5)","background-image":"","background-repeat":"repeat","background-position":"center center","background-size":"auto","background-attachment":"scroll","background-type":"","background-media":"","overlay-type":"","overlay-color":"","overlay-opacity":"","overlay-gradient":""},"tablet":{"background-color":"var(--ast-global-color-5)","background-image":"","background-repeat":"repeat","background-position":"center center","background-size":"auto","background-attachment":"scroll","background-type":"","background-media":"","overlay-type":"","overlay-color":"","overlay-opacity":"","overlay-gradient":""},"mobile":{"background-color":"var(--ast-global-color-5)","background-image":"","background-repeat":"repeat","background-position":"center center","background-size":"auto","background-attachment":"scroll","background-type":"","background-media":"","overlay-type":"","overlay-color":"","overlay-opacity":"","overlay-gradient":""}}},"product_brand":[],"product_cat":[83,74],"product_tag":[],"class_list":{"0":"post-14491","1":"product","2":"type-product","3":"status-publish","4":"has-post-thumbnail","6":"product_cat-all-products","7":"product_cat-household-cleaning-series","8":"desktop-align-center","9":"tablet-align-left","10":"mobile-align-left","11":"ast-product-gallery-layout-horizontal-slider","12":"ast-product-gallery-with-no-image","13":"ast-product-tabs-layout-horizontal","15":"first","16":"instock","17":"shipping-taxable","18":"product-type-simple"},"aioseo_notices":[],"uagb_featured_image_src":{"full":["https:\/\/williamweir.com\/wp-content\/uploads\/2025\/05\/\u6c34\u57a2\u6e05\u9664\u5242-800.jpg",800,800,false],"thumbnail":["https:\/\/williamweir.com\/wp-content\/uploads\/2025\/05\/\u6c34\u57a2\u6e05\u9664\u5242-800-300x300.jpg",300,300,true],"medium":["https:\/\/williamweir.com\/wp-content\/uploads\/2025\/05\/\u6c34\u57a2\u6e05\u9664\u5242-800-600x600.jpg",600,600,true],"medium_large":["https:\/\/williamweir.com\/wp-content\/uploads\/2025\/05\/\u6c34\u57a2\u6e05\u9664\u5242-800-768x768.jpg",768,768,true],"large":["https:\/\/williamweir.com\/wp-content\/uploads\/2025\/05\/\u6c34\u57a2\u6e05\u9664\u5242-800.jpg",800,800,false],"1536x1536":["https:\/\/williamweir.com\/wp-content\/uploads\/2025\/05\/\u6c34\u57a2\u6e05\u9664\u5242-800.jpg",800,800,false],"2048x2048":["https:\/\/williamweir.com\/wp-content\/uploads\/2025\/05\/\u6c34\u57a2\u6e05\u9664\u5242-800.jpg",800,800,false],"trp-custom-language-flag":["https:\/\/williamweir.com\/wp-content\/uploads\/2025\/05\/\u6c34\u57a2\u6e05\u9664\u5242-800-12x12.jpg",12,12,true],"woocommerce_thumbnail":["https:\/\/williamweir.com\/wp-content\/uploads\/2025\/05\/\u6c34\u57a2\u6e05\u9664\u5242-800-600x600.jpg",600,600,true],"woocommerce_single":["https:\/\/williamweir.com\/wp-content\/uploads\/2025\/05\/\u6c34\u57a2\u6e05\u9664\u5242-800-600x600.jpg",600,600,true],"woocommerce_gallery_thumbnail":["https:\/\/williamweir.com\/wp-content\/uploads\/2025\/05\/\u6c34\u57a2\u6e05\u9664\u5242-800-100x100.jpg",100,100,true]},"uagb_author_info":{"display_name":"wlwer","author_link":"https:\/\/williamweir.com\/de\/author\/"},"uagb_comment_info":0,"uagb_excerpt":"Our factory provides OEM\/ODM processing services, we can tailor products for you; Our MOQ is low, generally the minimum quantity is 1000 bottles can be produced; Our products are inexpensive, excellent product quality, in line with any national laws and regulations and customer needs! \u00a0 \u00a0 \u00a0 We also offer the following services \u00a0 Cross-border&hellip;","_links":{"self":[{"href":"https:\/\/williamweir.com\/de\/wp-json\/wp\/v2\/product\/14491"}],"collection":[{"href":"https:\/\/williamweir.com\/de\/wp-json\/wp\/v2\/product"}],"about":[{"href":"https:\/\/williamweir.com\/de\/wp-json\/wp\/v2\/types\/product"}],"version-history":[{"count":3,"href":"https:\/\/williamweir.com\/de\/wp-json\/wp\/v2\/product\/14491\/revisions"}],"predecessor-version":[{"id":14496,"href":"https:\/\/williamweir.com\/de\/wp-json\/wp\/v2\/product\/14491\/revisions\/14496"}],"wp:featuredmedia":[{"embeddable":true,"href":"https:\/\/williamweir.com\/de\/wp-json\/wp\/v2\/media\/14492"}],"wp:attachment":[{"href":"https:\/\/williamweir.com\/de\/wp-json\/wp\/v2\/media?parent=14491"}],"wp:term":[{"taxonomy":"product_brand","embeddable":true,"href":"https:\/\/williamweir.com\/de\/wp-json\/wp\/v2\/product_brand?post=14491"},{"taxonomy":"product_cat","embeddable":true,"href":"https:\/\/williamweir.com\/de\/wp-json\/wp\/v2\/product_cat?post=14491"},{"taxonomy":"product_tag","embeddable":true,"href":"https:\/\/williamweir.com\/de\/wp-json\/wp\/v2\/product_tag?post=14491"}],"curies":[{"name":"wp","href":"https:\/\/api.w.org\/{rel}","templated":true}]}}