{"id":14432,"date":"2025-04-19T01:06:34","date_gmt":"2025-04-19T01:06:34","guid":{"rendered":"https:\/\/williamweir.com\/?post_type=product&#038;p=14432"},"modified":"2025-05-24T01:05:48","modified_gmt":"2025-05-24T01:05:48","slug":"paint-agent-coating","status":"publish","type":"product","link":"https:\/\/williamweir.com\/de\/produkt\/paint-agent-coating\/","title":{"rendered":"Beschichtung mit Farbmitteln"},"content":{"rendered":"<h1><strong>Commodity code: 2967<\/strong><\/h1>\n<h1>Produkt\u00fcbersicht<\/h1>\n<p>This car paint coating agent adopts cutting-edge nanotechnology and special polymer materials to provide comprehensive and long-lasting protection and renewal for the car paint surface. It can extend the lifespan of the paint, enhance the aesthetic appeal of the vehicle, and increase its residual value.<\/p>\n<h1>Produktmerkmale<\/h1>\n<ul>\n<li>Forms a firm and transparent protective film on the paint surface to resist ultraviolet rays, acid rain, bird droppings, tree sap, etc., preventing the paint from fading, aging, and being damaged. Moreover, it endows the paint surface with superhydrophobic properties. When encountering water, water droplets will quickly slide off, avoiding water stain residues and reducing problems such as paint oxidation and rusting.<\/li>\n<\/ul>\n<h1>Umfang der Anwendung<\/h1>\n<p>It is applicable to various passenger vehicles, including daily household models such as sedans, SUVs, and MPVs. It is also suitable for business vehicles, which can keep the vehicle&#8217;s appearance high-end and clean.<\/p>\n<h1>Verwendungsmethode<\/h1>\n<ul>\n<li>Wash the vehicle body with professional car wash liquid, dry the paint surface, and choose a cool and ventilated place.<\/li>\n<li>Shake the bottle thoroughly to ensure that the ingredients are evenly mixed.<\/li>\n<li>Adjust the spray head to the spray mode, and spray evenly about 15 &#8211; 20 centimeters away from the paint surface. You can spray a little more on large areas, but avoid dripping.<\/li>\n<li>Use a special sponge to wipe evenly in a spiral or straight line pattern while the coating agent is still wet, and pay attention to the corner areas.<\/li>\n<li>Gently wipe off the excess coating agent with a pure cotton towel.<\/li>\n<li>Let it dry naturally for 15 &#8211; 30 minutes, and avoid touching it and keep it away from dust.<\/li>\n<li>After drying, check the paint surface. It should be smooth, bright, and have anti-stain and waterproof effects. If the effect is not good in some areas, you can reapply the coating agent.<\/li>\n<\/ul>\n<h1>Vorsichtsma\u00dfnahmen<\/h1>\n<ul>\n<li>Store it in a cool, dry, and ventilated place, and keep it away from fire sources and heat sources to avoid affecting the product&#8217;s effect.<\/li>\n<li>Do not let the coating agent come into contact with eyes, mouth, or damaged skin. If contact occurs, rinse with a large amount of water immediately and seek medical attention.<\/li>\n<li>Keep it out of reach of children.<\/li>\n<li>First, conduct a trial in an inconspicuous area. Use it with caution on special paint surfaces, and consult a professional if you have any questions.<\/li>\n<li>Regularly clean the vehicle, and avoid using cleaning agents containing strong acids, strong alkalis, or sharp particles.<\/li>\n<\/ul>","protected":false},"excerpt":{"rendered":"<p>Unsere Fabrik bietet OEM\/ODM-Verarbeitungsdienstleistungen, wir k\u00f6nnen Produkte f\u00fcr Sie ma\u00dfschneidern; Unser MOQ ist niedrig, im Allgemeinen kann die Mindestmenge 1000 Flaschen produziert werden; Unsere Produkte sind preiswert, ausgezeichnete Produktqualit\u00e4t, im Einklang mit allen nationalen Gesetzen und Vorschriften und Kundenbed\u00fcrfnissen!<\/p>\n<h3><strong>\u00a0 \u00a0 \u00a0 Wir bieten au\u00dferdem folgende Dienstleistungen an<\/strong><\/h3>\n<h4><strong><img decoding=\"async\" class=\"emoji\" role=\"img\" draggable=\"false\" src=\"https:\/\/s.w.org\/images\/core\/emoji\/15.0.3\/svg\/2714.svg\" alt=\"\u2714\" \/>\u00a0 Grenz\u00fcberschreitende Quelle\u00a0 \u00a0 \u00a0 \u00a0 \u00a0\u00a0<img decoding=\"async\" class=\"emoji\" role=\"img\" draggable=\"false\" src=\"https:\/\/s.w.org\/images\/core\/emoji\/15.0.3\/svg\/2714.svg\" alt=\"\u2714\" \/>\u00a0 Unterst\u00fctzung der Anpassung<\/strong><\/h4>\n<h4><strong><img decoding=\"async\" class=\"emoji\" role=\"img\" draggable=\"false\" src=\"https:\/\/s.w.org\/images\/core\/emoji\/15.0.3\/svg\/2714.svg\" alt=\"\u2714\" \/>\u00a0 Quelle: Fabrik\u00a0 \u00a0 \u00a0 \u00a0 \u00a0 \u00a0 \u00a0 \u00a0 \u00a0 \u00a0 \u00a0 \u00a0<img decoding=\"async\" class=\"emoji\" role=\"img\" draggable=\"false\" src=\"https:\/\/s.w.org\/images\/core\/emoji\/15.0.3\/svg\/2714.svg\" alt=\"\u2714\" \/>\u00a0 Produktentwicklung<\/strong><\/h4>\n<h4><strong><img decoding=\"async\" class=\"emoji\" role=\"img\" draggable=\"false\" src=\"https:\/\/s.w.org\/images\/core\/emoji\/15.0.3\/svg\/2714.svg\" alt=\"\u2714\" \/>\u00a0 Ma\u00dfgeschneidert nach Muster\u00a0 \u00a0 \u00a0 \u00a0 \u00a0 \u00a0 \u00a0 \u00a0 \u00a0 \u00a0\u00a0<img decoding=\"async\" class=\"emoji\" role=\"img\" draggable=\"false\" src=\"https:\/\/s.w.org\/images\/core\/emoji\/15.0.3\/svg\/2714.svg\" alt=\"\u2714\" \/>\u00a0 Markenberechtigung<br \/>\n<\/strong><\/h4>\n<h2><strong>Fragen oder Kommentare?<\/strong><\/h2>\n<h2><strong>wlwer@williamweir.com<\/strong><\/h2>","protected":false},"featured_media":14433,"template":"","meta":{"_uag_custom_page_level_css":"","site-sidebar-layout":"default","site-content-layout":"","ast-site-content-layout":"default","site-content-style":"default","site-sidebar-style":"default","ast-global-header-display":"","ast-banner-title-visibility":"","ast-main-header-display":"","ast-hfb-above-header-display":"","ast-hfb-below-header-display":"","ast-hfb-mobile-header-display":"","site-post-title":"","ast-breadcrumbs-content":"","ast-featured-img":"","footer-sml-layout":"","theme-transparent-header-meta":"default","adv-header-id-meta":"","stick-header-meta":"","header-above-stick-meta":"","header-main-stick-meta":"","header-below-stick-meta":"","astra-migrate-meta-layouts":"set","ast-page-background-enabled":"default","ast-page-background-meta":{"desktop":{"background-color":"","background-image":"","background-repeat":"repeat","background-position":"center center","background-size":"auto","background-attachment":"scroll","background-type":"","background-media":"","overlay-type":"","overlay-color":"","overlay-opacity":"","overlay-gradient":""},"tablet":{"background-color":"","background-image":"","background-repeat":"repeat","background-position":"center center","background-size":"auto","background-attachment":"scroll","background-type":"","background-media":"","overlay-type":"","overlay-color":"","overlay-opacity":"","overlay-gradient":""},"mobile":{"background-color":"","background-image":"","background-repeat":"repeat","background-position":"center center","background-size":"auto","background-attachment":"scroll","background-type":"","background-media":"","overlay-type":"","overlay-color":"","overlay-opacity":"","overlay-gradient":""}},"ast-content-background-meta":{"desktop":{"background-color":"var(--ast-global-color-5)","background-image":"","background-repeat":"repeat","background-position":"center center","background-size":"auto","background-attachment":"scroll","background-type":"","background-media":"","overlay-type":"","overlay-color":"","overlay-opacity":"","overlay-gradient":""},"tablet":{"background-color":"var(--ast-global-color-5)","background-image":"","background-repeat":"repeat","background-position":"center center","background-size":"auto","background-attachment":"scroll","background-type":"","background-media":"","overlay-type":"","overlay-color":"","overlay-opacity":"","overlay-gradient":""},"mobile":{"background-color":"var(--ast-global-color-5)","background-image":"","background-repeat":"repeat","background-position":"center center","background-size":"auto","background-attachment":"scroll","background-type":"","background-media":"","overlay-type":"","overlay-color":"","overlay-opacity":"","overlay-gradient":""}}},"product_brand":[],"product_cat":[83,77],"product_tag":[],"class_list":{"0":"post-14432","1":"product","2":"type-product","3":"status-publish","4":"has-post-thumbnail","6":"product_cat-all-products","7":"product_cat-car-cleaning-and-maintenance","8":"desktop-align-center","9":"tablet-align-left","10":"mobile-align-left","11":"ast-product-gallery-layout-horizontal-slider","12":"ast-product-gallery-with-no-image","13":"ast-product-tabs-layout-horizontal","15":"first","16":"instock","17":"shipping-taxable","18":"product-type-simple"},"aioseo_notices":[],"uagb_featured_image_src":{"full":["https:\/\/williamweir.com\/wp-content\/uploads\/2025\/04\/\u6f06\u9762\u9540\u819c\u52421.jpg",800,800,false],"thumbnail":["https:\/\/williamweir.com\/wp-content\/uploads\/2025\/04\/\u6f06\u9762\u9540\u819c\u52421-300x300.jpg",300,300,true],"medium":["https:\/\/williamweir.com\/wp-content\/uploads\/2025\/04\/\u6f06\u9762\u9540\u819c\u52421-600x600.jpg",600,600,true],"medium_large":["https:\/\/williamweir.com\/wp-content\/uploads\/2025\/04\/\u6f06\u9762\u9540\u819c\u52421-768x768.jpg",768,768,true],"large":["https:\/\/williamweir.com\/wp-content\/uploads\/2025\/04\/\u6f06\u9762\u9540\u819c\u52421.jpg",800,800,false],"1536x1536":["https:\/\/williamweir.com\/wp-content\/uploads\/2025\/04\/\u6f06\u9762\u9540\u819c\u52421.jpg",800,800,false],"2048x2048":["https:\/\/williamweir.com\/wp-content\/uploads\/2025\/04\/\u6f06\u9762\u9540\u819c\u52421.jpg",800,800,false],"trp-custom-language-flag":["https:\/\/williamweir.com\/wp-content\/uploads\/2025\/04\/\u6f06\u9762\u9540\u819c\u52421-12x12.jpg",12,12,true],"woocommerce_thumbnail":["https:\/\/williamweir.com\/wp-content\/uploads\/2025\/04\/\u6f06\u9762\u9540\u819c\u52421-600x600.jpg",600,600,true],"woocommerce_single":["https:\/\/williamweir.com\/wp-content\/uploads\/2025\/04\/\u6f06\u9762\u9540\u819c\u52421-600x600.jpg",600,600,true],"woocommerce_gallery_thumbnail":["https:\/\/williamweir.com\/wp-content\/uploads\/2025\/04\/\u6f06\u9762\u9540\u819c\u52421-100x100.jpg",100,100,true]},"uagb_author_info":{"display_name":"wlwer","author_link":"https:\/\/williamweir.com\/de\/author\/"},"uagb_comment_info":0,"uagb_excerpt":"Our factory provides OEM\/ODM processing services, we can tailor products for you; Our MOQ is low, generally the minimum quantity is 1000 bottles can be produced; Our products are inexpensive, excellent product quality, in line with any national laws and regulations and customer needs! \u00a0 \u00a0 \u00a0 We also offer the following services \u00a0 Cross-border&hellip;","_links":{"self":[{"href":"https:\/\/williamweir.com\/de\/wp-json\/wp\/v2\/product\/14432"}],"collection":[{"href":"https:\/\/williamweir.com\/de\/wp-json\/wp\/v2\/product"}],"about":[{"href":"https:\/\/williamweir.com\/de\/wp-json\/wp\/v2\/types\/product"}],"version-history":[{"count":1,"href":"https:\/\/williamweir.com\/de\/wp-json\/wp\/v2\/product\/14432\/revisions"}],"predecessor-version":[{"id":14434,"href":"https:\/\/williamweir.com\/de\/wp-json\/wp\/v2\/product\/14432\/revisions\/14434"}],"wp:featuredmedia":[{"embeddable":true,"href":"https:\/\/williamweir.com\/de\/wp-json\/wp\/v2\/media\/14433"}],"wp:attachment":[{"href":"https:\/\/williamweir.com\/de\/wp-json\/wp\/v2\/media?parent=14432"}],"wp:term":[{"taxonomy":"product_brand","embeddable":true,"href":"https:\/\/williamweir.com\/de\/wp-json\/wp\/v2\/product_brand?post=14432"},{"taxonomy":"product_cat","embeddable":true,"href":"https:\/\/williamweir.com\/de\/wp-json\/wp\/v2\/product_cat?post=14432"},{"taxonomy":"product_tag","embeddable":true,"href":"https:\/\/williamweir.com\/de\/wp-json\/wp\/v2\/product_tag?post=14432"}],"curies":[{"name":"wp","href":"https:\/\/api.w.org\/{rel}","templated":true}]}}