{"id":4780,"date":"2024-10-24T10:26:42","date_gmt":"2024-10-24T10:26:42","guid":{"rendered":"https:\/\/williamweir.com\/?page_id=4780"},"modified":"2024-11-03T01:38:05","modified_gmt":"2024-11-03T01:38:05","slug":"privacy-policy","status":"publish","type":"page","link":"https:\/\/williamweir.com\/de\/privacy-policy\/","title":{"rendered":"Datenschutzbestimmungen"},"content":{"rendered":"<p>Wer sind wir?<br>Die Adresse unserer Website lautet: <strong>https:\/\/williamweir.com<\/strong><br>Kommentar<br>Empfohlener Text: Wenn ein Besucher einen Kommentar hinterl\u00e4sst, sammeln wir die im Kommentarformular angezeigten Daten zusammen mit der IP-Adresse des Besuchers und dem User-Agent-String des Browsers, um Spam-Kommentare zu erkennen.<br>Die anonymisierte Zeichenfolge (auch als Hash bekannt), die aus Ihrer E-Mail-Adresse erzeugt wird, kann dem Gravatar-Dienst zur Verf\u00fcgung gestellt werden, um zu best\u00e4tigen, dass Sie den Dienst nutzen. Die Datenschutzbestimmungen des Gravatar-Dienstes lauten wie folgt: https:\/\/automattic.com\/privacy\/. Nachdem Ihr Kommentar genehmigt wurde, wird Ihr Profilbild \u00f6ffentlich neben Ihrem Kommentar angezeigt.<br>Medien<br>Empfohlener Text: Wenn Sie Bilder auf diese Website hochladen, sollten Sie das Hochladen von Bildern mit eingebetteten geografischen Standortinformationen (EXIF-GPS) vermeiden. Die Besucher dieser Website k\u00f6nnen Standortinformationen von Bildern auf dieser Website herunterladen und extrahieren.<br>Cookies<br>Empfohlener Text: Wenn Sie einen Kommentar auf unserer Website hinterlassen, k\u00f6nnen Sie die Verwendung von Cookies w\u00e4hlen, um Ihren Namen, Ihre E-Mail-Adresse und Ihre Website-Adresse zu speichern. Dies ist bequemer, da Sie die relevanten Inhalte nicht erneut eingeben m\u00fcssen, wenn Sie einen Kommentar abgeben. Diese Cookies werden ein Jahr lang gespeichert.<br>Wenn Sie unsere Anmeldeseite besuchen, setzen wir ein tempor\u00e4res Cookie, um zu pr\u00fcfen, ob Ihr Browser Cookies akzeptiert. Dieses Cookie enth\u00e4lt keine pers\u00f6nlichen Daten und wird gel\u00f6scht, wenn Sie Ihren Browser schlie\u00dfen.<br>Wenn Sie sich anmelden, setzen wir au\u00dferdem mehrere Cookies, um Ihre Anmeldeinformationen und Bildschirmoptionen zu speichern. Anmelde-Cookies werden zwei Tage lang gespeichert, w\u00e4hrend Cookies f\u00fcr Bildschirmoptionen ein Jahr lang gespeichert werden. Wenn Sie \"Remember Me\" w\u00e4hlen, wird Ihr Anmeldestatus f\u00fcr zwei Wochen gespeichert. Wenn Sie sich von Ihrem Konto abmelden, werden die f\u00fcr die Anmeldung verwendeten Cookies entfernt.<br>Wenn Sie einen Artikel bearbeiten oder ver\u00f6ffentlichen, speichern wir ein zus\u00e4tzliches Cookie in Ihrem Browser. Dieser Cookie enth\u00e4lt keine pers\u00f6nlichen Daten, sondern speichert nur die ID des Artikels, den Sie gerade bearbeitet haben. Dieses Cookie wird einen Tag lang gespeichert.<\/p><p>Empfohlener Text: Die Artikel auf dieser Website k\u00f6nnen eingebettete Inhalte (wie Videos, Bilder, Artikel usw.) enthalten. Das Verhalten beim Einbetten von Inhalten von anderen Websites unterscheidet sich nicht vom direkten Zugriff auf diese anderen Websites.<br>Diese Websites k\u00f6nnen Daten \u00fcber Sie sammeln, Cookies verwenden, zus\u00e4tzliche Tracking-Programme von Drittanbietern einbetten und Ihre Interaktion mit diesen eingebetteten Inhalten \u00fcberwachen, einschlie\u00dflich der Verfolgung Ihrer Interaktion mit eingebetteten Inhalten, wenn Sie ein Konto auf diesen Websites haben und sich dort anmelden.<br>Mit wem teilen wir Ihre Informationen<br>Empfohlener Text: Wenn Sie eine Kennwortr\u00fccksetzung anfordern, wird Ihre IP-Adresse in der E-Mail zur Kennwortr\u00fccksetzung angegeben.<br>Wie lange bewahren wir Ihre Informationen auf?<br>Empfohlener Text: Wenn Sie einen Kommentar hinterlassen, werden der Kommentar und seine Metadaten auf unbestimmte Zeit gespeichert. Auf diese Weise k\u00f6nnen wir nachfolgende Kommentare erkennen und automatisch genehmigen, ohne sie in die Warteschlange zu stellen.<br>Bei registrierten Nutzern dieser Website speichern wir auch die vom Nutzer in seinem Profil angegebenen pers\u00f6nlichen Daten. Alle Nutzer k\u00f6nnen ihre pers\u00f6nlichen Daten jederzeit einsehen, bearbeiten oder l\u00f6schen (mit Ausnahme der M\u00f6glichkeit, ihren Benutzernamen nicht zu \u00e4ndern), und auch die Administratoren der Website k\u00f6nnen diese Daten einsehen und bearbeiten.<br>Welche Rechte haben Sie in Bezug auf Ihre Daten?<br>Empfohlener Text: Wenn Sie ein Konto auf dieser Website haben oder schon einmal einen Kommentar hinterlassen haben, k\u00f6nnen Sie uns auffordern, eine Exportdatei Ihrer personenbezogenen Daten, die uns geh\u00f6ren, zur Verf\u00fcgung zu stellen, die auch alle Daten enth\u00e4lt, die Sie uns zur Verf\u00fcgung stellen. Sie k\u00f6nnen uns auch auffordern, alle personenbezogenen Daten \u00fcber Sie zu l\u00f6schen. Davon ausgenommen sind Daten, die wir aus verwaltungstechnischen, gesetzlichen oder sicherheitstechnischen Gr\u00fcnden aufbewahren m\u00fcssen.<br>Wohin werden Ihre Daten gesendet?<br>Empfohlener Text: Besucherkommentare k\u00f6nnen von automatischen Diensten zur \u00dcberwachung von Spam-Kommentaren \u00fcberpr\u00fcft werden.<\/p><p><\/p>","protected":false},"excerpt":{"rendered":"<p>Wer sind wirUnsere Website-Adresse lautet: https:\/\/williamweir.comcommentRecommended text: Wenn ein Besucher einen Kommentar hinterl\u00e4sst, sammeln wir die Daten, die im Kommentarformular angezeigt werden, zusammen mit der IP-Adresse des Besuchers und dem User-Agent-String des Browsers, um die \u00dcberpr\u00fcfung auf Spam-Kommentare zu erleichtern.Die anonymisierte Zeichenfolge (auch als Hash bekannt), die aus Ihrer E-Mail-Adresse generiert wird, kann an [...]<\/p>","protected":false},"author":1,"featured_media":0,"parent":0,"menu_order":0,"comment_status":"closed","ping_status":"closed","template":"","meta":{"_uag_custom_page_level_css":"","site-sidebar-layout":"default","site-content-layout":"","ast-site-content-layout":"default","site-content-style":"default","site-sidebar-style":"default","ast-global-header-display":"","ast-banner-title-visibility":"","ast-main-header-display":"","ast-hfb-above-header-display":"","ast-hfb-below-header-display":"","ast-hfb-mobile-header-display":"","site-post-title":"","ast-breadcrumbs-content":"","ast-featured-img":"","footer-sml-layout":"","theme-transparent-header-meta":"","adv-header-id-meta":"","stick-header-meta":"","header-above-stick-meta":"","header-main-stick-meta":"","header-below-stick-meta":"","astra-migrate-meta-layouts":"set","ast-page-background-enabled":"default","ast-page-background-meta":{"desktop":{"background-color":"","background-image":"","background-repeat":"repeat","background-position":"center center","background-size":"auto","background-attachment":"scroll","background-type":"","background-media":"","overlay-type":"","overlay-color":"","overlay-opacity":"","overlay-gradient":""},"tablet":{"background-color":"","background-image":"","background-repeat":"repeat","background-position":"center center","background-size":"auto","background-attachment":"scroll","background-type":"","background-media":"","overlay-type":"","overlay-color":"","overlay-opacity":"","overlay-gradient":""},"mobile":{"background-color":"","background-image":"","background-repeat":"repeat","background-position":"center center","background-size":"auto","background-attachment":"scroll","background-type":"","background-media":"","overlay-type":"","overlay-color":"","overlay-opacity":"","overlay-gradient":""}},"ast-content-background-meta":{"desktop":{"background-color":"var(--ast-global-color-5)","background-image":"","background-repeat":"repeat","background-position":"center center","background-size":"auto","background-attachment":"scroll","background-type":"","background-media":"","overlay-type":"","overlay-color":"","overlay-opacity":"","overlay-gradient":""},"tablet":{"background-color":"var(--ast-global-color-5)","background-image":"","background-repeat":"repeat","background-position":"center center","background-size":"auto","background-attachment":"scroll","background-type":"","background-media":"","overlay-type":"","overlay-color":"","overlay-opacity":"","overlay-gradient":""},"mobile":{"background-color":"var(--ast-global-color-5)","background-image":"","background-repeat":"repeat","background-position":"center center","background-size":"auto","background-attachment":"scroll","background-type":"","background-media":"","overlay-type":"","overlay-color":"","overlay-opacity":"","overlay-gradient":""}},"footnotes":""},"class_list":["post-4780","page","type-page","status-publish","hentry"],"aioseo_notices":[],"uagb_featured_image_src":{"full":false,"thumbnail":false,"medium":false,"medium_large":false,"large":false,"1536x1536":false,"2048x2048":false,"trp-custom-language-flag":false,"woocommerce_thumbnail":false,"woocommerce_single":false,"woocommerce_gallery_thumbnail":false},"uagb_author_info":{"display_name":"wlwer","author_link":"https:\/\/williamweir.com\/de\/author\/wlwerwilliamweir-com\/"},"uagb_comment_info":0,"uagb_excerpt":"Who are weOur site address is: https:\/\/williamweir.comcommentRecommended text: When a visitor leaves a comment, we collect the data displayed in the comment form, along with the visitor&#8217;s IP address and browser&#8217;s User Agent string, to help check for spam comments.The anonymized string (also known as hash) generated from your email address may be provided to&hellip;","_links":{"self":[{"href":"https:\/\/williamweir.com\/de\/wp-json\/wp\/v2\/pages\/4780"}],"collection":[{"href":"https:\/\/williamweir.com\/de\/wp-json\/wp\/v2\/pages"}],"about":[{"href":"https:\/\/williamweir.com\/de\/wp-json\/wp\/v2\/types\/page"}],"author":[{"embeddable":true,"href":"https:\/\/williamweir.com\/de\/wp-json\/wp\/v2\/users\/1"}],"replies":[{"embeddable":true,"href":"https:\/\/williamweir.com\/de\/wp-json\/wp\/v2\/comments?post=4780"}],"version-history":[{"count":2,"href":"https:\/\/williamweir.com\/de\/wp-json\/wp\/v2\/pages\/4780\/revisions"}],"predecessor-version":[{"id":5732,"href":"https:\/\/williamweir.com\/de\/wp-json\/wp\/v2\/pages\/4780\/revisions\/5732"}],"wp:attachment":[{"href":"https:\/\/williamweir.com\/de\/wp-json\/wp\/v2\/media?parent=4780"}],"curies":[{"name":"wp","href":"https:\/\/api.w.org\/{rel}","templated":true}]}}